{"id":41,"date":"2021-06-17T14:25:28","date_gmt":"2021-06-17T17:25:28","guid":{"rendered":"https:\/\/parquedosigarapes.com.br\/loja\/?post_type=product&#038;p=41"},"modified":"2026-01-15T10:13:26","modified_gmt":"2026-01-15T13:13:26","slug":"plano-amigos-do-parque","status":"publish","type":"product","link":"https:\/\/parquedosigarapes.com.br\/loja\/produto\/plano-amigos-do-parque\/","title":{"rendered":"Plano Amigos do Parque"},"content":{"rendered":"<p><strong>ATEN\u00c7\u00c3O<\/strong><\/p>\n<p>O Titular do Cart\u00e3o Amigos e seus dependentes ter\u00e3o direito a frequentar o Parque dos Igarap\u00e9s, observando as normas de utiliza\u00e7\u00e3o previstas no Regulamento Geral do Complexo Ecol\u00f3gico.<\/p>\n<p>Ter\u00e1 direito a descontos especiais na contrata\u00e7\u00e3o de eventos pessoais ou empresariais, nas hospedagem nos chal\u00e9s do Reserv&#8217;Amazon Forest Hotel, nas atividades esportivas no Circuito Aventura (tirolesa e arvorismo), paintball e y\u00f4ga ou ingressos em festas com atra\u00e7\u00f5es locais, desde que observadas as regras de agendamento com anteced\u00eancia de pelo menos 10 dias \u00fateis,e de acordo com as promo\u00e7\u00f5es peri\u00f3dicas divulgadas pelo Parque, observada a disponibilidade do servi\u00e7o requerido.<\/p>\n<p>N\u00e3o inclui entradas em eventos com atra\u00e7\u00f5es nacionais e internacionais.<\/p>\n<p>\u00c9 vedado trazer animais dom\u00e9sticos e qualquer tipo de comida ou bebida para o Parque.<\/p>\n<p>O pagamento da taxa de manuten\u00e7\u00e3o mensal ou anual, garante a sua frequ\u00eancia e de seus dependentes ao Clube.<\/p>\n<p>S\u00e3o considerados 01 (um) titular mais at\u00e9 05 (cinco) pessoas como dependentes \u2013 N\u00e3o havendo obrigatoriedade de parentesco entre os mesmos. As crian\u00e7as acima de 12 (doze) anos s\u00e3o consideradas, podendo ser cobrado taxa excedente na manuten\u00e7\u00e3o mensal quando completar a idade mencionada.<\/p>\n<p>Valor dependente extra: R$25,00 (vinte e cinco reais) por pessoa na manuten\u00e7\u00e3o mensal. O Cart\u00e3o de acesso dos dependentes custa $ 15,00 cada. Ficando o titular respons\u00e1vel pelo pagamento da confec\u00e7\u00e3o dos cart\u00f5es de seus dependentes, inclusive da segunda via.<\/p>\n<p>O cart\u00e3o de acesso do titular \u00e9 gratuito, ser\u00e1 entregue ap\u00f3s o pagamento da primeira taxa de manuten\u00e7\u00e3o.<\/p>\n<p>Ap\u00f3s a confirma\u00e7\u00e3o do pagamento da taxa de R$230, 00 (duzentos e trinta reais), o titular dever\u00e1 preencher a ficha de cadastro e assinar o contrato de ades\u00e3o no Parque dos Igarap\u00e9s nos dias de funcionamento, para confirma\u00e7\u00e3o de dados e conclus\u00e3o.<\/p>\n<p>A t\u00edtulo de manuten\u00e7\u00e3o do Cart\u00e3o, o adquirente pagar\u00e1 a import\u00e2ncia mensal R$ 183,10 ( Cento e oitenta e tr\u00eas reais e dez centavos), com vencimento no m\u00e1ximo a partir de 30 (trinta) dias a contar da data da assinatura do contrato.<br \/>\nPar\u00e1grafo \u00fanico O valor acima ser\u00e1 reajustado anualmente, atrav\u00e9s do IPCA (\u00edndice nacional de pre\u00e7os ao consumidor), com sua imediata aplica\u00e7\u00e3o em todo m\u00eas de janeiro do ano correspondente. O adquirente poder\u00e1 antecipar o pagamento \u00e0 vista das 12 (doze) parcelas de manuten\u00e7\u00e3o com descontos especiais.<br \/>\nFica estabelecido que o atraso do pagamento da taxa de manuten\u00e7\u00e3o impossibilita o usu\u00e1rio e seus dependentes de frequentarem as depend\u00eancias, utilizando-se dos benef\u00edcios do cart\u00e3o amigo, podendo adentrar as depend\u00eancias mediante pagamento aut\u00f4nomo do passaporte individual, at\u00e9 a mesma ser quitada.<\/p>\n<p>Poder\u00e1 ser liberada a visita de at\u00e9 04 (quatro) convidados por m\u00eas ap\u00f3s o pagamento da primeira taxa de manuten\u00e7\u00e3o mensal e at\u00e9 08 (oito) convidados no m\u00eas do anivers\u00e1rio do titular, conforme liberalidade da Diretoria do Parque. Cortesias n\u00e3o s\u00e3o aceitas nos domingos de julho.<\/p>\n<p>N\u00e3o \u00e9 permitido duplicidade de cadastro de CPF no sistema de gerenciamento do cart\u00e3o amigos. O corretor aut\u00f4nomo N\u00c3O est\u00e1 autorizado a fazer reativa\u00e7\u00f5es ou novos contratos se o titular ou seus dependentes j\u00e1 tiverem cadastro anterior no cart\u00e3o.<\/p>\n<p>Ades\u00f5es realizadas on line est\u00e3o sob an\u00e1lise para confirma\u00e7\u00e3o de dados.<\/p>\n<p>Ap\u00f3s a ades\u00e3o ao plano, compare\u00e7a a dire\u00e7\u00e3o do parque com os documentos do titular e demais inscritos para assinatura do contrato.<\/p>\n<p>O cancelamento por desist\u00eancia antes do per\u00edodo de 90 dias (noventa dias), a contar da data da assinatura do contrato, acarretar\u00e1 na obrigatoriedade do pagamento 20% sobre o correspondente a 01 (um) ano de mensalidade.<br \/>\nO Adquirente dever\u00e1 estar adimplente com os pagamentos das taxas de manuten\u00e7\u00e3o, N\u00c3O cabendo nenhuma restitui\u00e7\u00e3o dos valores j\u00e1 pagos e finalizando por assinar o Termo de Cancelamento em 02 (duas) vias.<\/p>\n","protected":false},"excerpt":{"rendered":"<p>O adquirente do Cart\u00e3o Amigos do Parque e seus dependentes ter\u00e3o direito a freq\u00fcentar as depend\u00eancias do complexo do Parque dos Igarap\u00e9s. O plano da direito de at\u00e9 5 dependentes.<\/p>\n","protected":false},"featured_media":106,"comment_status":"open","ping_status":"closed","template":"","meta":[],"product_brand":[],"product_cat":[16],"product_tag":[19],"class_list":{"0":"post-41","1":"product","2":"type-product","3":"status-publish","4":"has-post-thumbnail","6":"product_cat-planos","7":"product_tag-clique-image-e-saiba-mais","9":"first","10":"instock","11":"virtual","12":"purchasable","13":"product-type-simple"},"_links":{"self":[{"href":"https:\/\/parquedosigarapes.com.br\/loja\/wp-json\/wp\/v2\/product\/41","targetHints":{"allow":["GET"]}}],"collection":[{"href":"https:\/\/parquedosigarapes.com.br\/loja\/wp-json\/wp\/v2\/product"}],"about":[{"href":"https:\/\/parquedosigarapes.com.br\/loja\/wp-json\/wp\/v2\/types\/product"}],"replies":[{"embeddable":true,"href":"https:\/\/parquedosigarapes.com.br\/loja\/wp-json\/wp\/v2\/comments?post=41"}],"wp:featuredmedia":[{"embeddable":true,"href":"https:\/\/parquedosigarapes.com.br\/loja\/wp-json\/wp\/v2\/media\/106"}],"wp:attachment":[{"href":"https:\/\/parquedosigarapes.com.br\/loja\/wp-json\/wp\/v2\/media?parent=41"}],"wp:term":[{"taxonomy":"product_brand","embeddable":true,"href":"https:\/\/parquedosigarapes.com.br\/loja\/wp-json\/wp\/v2\/product_brand?post=41"},{"taxonomy":"product_cat","embeddable":true,"href":"https:\/\/parquedosigarapes.com.br\/loja\/wp-json\/wp\/v2\/product_cat?post=41"},{"taxonomy":"product_tag","embeddable":true,"href":"https:\/\/parquedosigarapes.com.br\/loja\/wp-json\/wp\/v2\/product_tag?post=41"}],"curies":[{"name":"wp","href":"https:\/\/api.w.org\/{rel}","templated":true}]}}